{"id":13,"date":"2025-02-15T16:24:19","date_gmt":"2025-02-15T15:24:19","guid":{"rendered":"https:\/\/psychotherapy-you.eu\/?page_id=13"},"modified":"2025-12-11T11:40:47","modified_gmt":"2025-12-11T10:40:47","slug":"o-mnie","status":"publish","type":"page","link":"https:\/\/psychotherapy-you.eu\/?page_id=13","title":{"rendered":"O mnie"},"content":{"rendered":"\n<div class=\"wp-block-group alignfull has-accent-background-color has-background is-layout-constrained wp-container-core-group-is-layout-669513ed wp-block-group-is-layout-constrained\" style=\"margin-top:0;margin-bottom:0;padding-top:var(--wp--preset--spacing--50);padding-right:var(--wp--preset--spacing--50);padding-bottom:var(--wp--preset--spacing--50);padding-left:var(--wp--preset--spacing--50)\">\n<div class=\"wp-block-media-text is-stacked-on-mobile\" style=\"grid-template-columns:35% auto\"><figure class=\"wp-block-media-text__media\"><img loading=\"lazy\" decoding=\"async\" width=\"1024\" height=\"1024\" src=\"https:\/\/psychotherapy-you.eu\/wp-content\/uploads\/2025\/05\/IMG_1737-2-1024x1024.jpeg\" alt=\"\" class=\"wp-image-79 size-full\" srcset=\"https:\/\/psychotherapy-you.eu\/wp-content\/uploads\/2025\/05\/IMG_1737-2-1024x1024.jpeg 1024w, https:\/\/psychotherapy-you.eu\/wp-content\/uploads\/2025\/05\/IMG_1737-2-300x300.jpeg 300w, https:\/\/psychotherapy-you.eu\/wp-content\/uploads\/2025\/05\/IMG_1737-2-150x150.jpeg 150w, https:\/\/psychotherapy-you.eu\/wp-content\/uploads\/2025\/05\/IMG_1737-2-768x768.jpeg 768w, https:\/\/psychotherapy-you.eu\/wp-content\/uploads\/2025\/05\/IMG_1737-2.jpeg 1347w\" sizes=\"auto, (max-width: 1024px) 100vw, 1024px\" \/><\/figure><div class=\"wp-block-media-text__content\">\n<p>Nazywam si\u0119 Katarzyna Ginalska. Mam 41 lat i pracuj\u0119 jako psychoterapeutka w podej\u015bciu integracyjnym. M\u00f3j gabinet mie\u015bci si\u0119 w Krakowie przy ul. Suchej 15c, ale pracuj\u0119 tak\u017ce online. Odby\u0142am podyplomowe 4-letnie szkolenie Studium Psychoterapii w Polskim Instytucie<br>Psychoterapii Integratywnej w Krakowie. Dodatkowo jestem magistrem Filologii angielskiej Uniwersytetu Jagiello\u0144skiego, co pozwala mi pracowa\u0107 terapeutycznie w j\u0119zyku angielskim.<br>Rozw\u00f3j jest dla mnie bardzo wa\u017cny, dlatego stale podnosz\u0119 swoje kwalifikacje uczestnicz\u0105c w szkoleniach i kursach. Pe\u0142n\u0105 list\u0119 mo\u017cna znale\u017a\u0107 poni\u017cej. Swoj\u0105 prac\u0119 poddaj\u0119 regularnej superwizji.<br><br>Psychoterapia to wyj\u0105tkowe do\u015bwiadczenie, kt\u00f3re mo\u017ce znacz\u0105co podnie\u015b\u0107 komfort \u017cycia. Sprawd\u017a czy to droga dla Ciebie.<\/p>\n<\/div><\/div>\n<\/div>\n\n\n\n<div class=\"wp-block-group alignfull has-base-background-color has-background is-layout-constrained wp-container-core-group-is-layout-d89aad35 wp-block-group-is-layout-constrained\" style=\"margin-top:0;margin-bottom:0;padding-top:var(--wp--preset--spacing--50);padding-right:var(--wp--preset--spacing--50);padding-bottom:var(--wp--preset--spacing--50);padding-left:var(--wp--preset--spacing--50)\">\n<div class=\"wp-block-columns alignwide is-layout-flex wp-container-core-columns-is-layout-549b0c86 wp-block-columns-is-layout-flex\">\n<div class=\"wp-block-column is-content-justification-left is-layout-constrained wp-container-core-column-is-layout-4f15e8fe wp-block-column-is-layout-constrained\" style=\"flex-basis:40%\"><\/div>\n\n\n\n<div class=\"wp-block-column is-layout-flow wp-container-core-column-is-layout-119bc444 wp-block-column-is-layout-flow\" style=\"flex-basis:60%\">\n<p><\/p>\n<\/div>\n<\/div>\n\n\n\n<div class=\"wp-block-group alignfull has-accent-5-background-color has-background is-layout-constrained wp-container-core-group-is-layout-d89aad35 wp-block-group-is-layout-constrained\" style=\"margin-top:0;margin-bottom:0;padding-top:var(--wp--preset--spacing--50);padding-right:var(--wp--preset--spacing--50);padding-bottom:var(--wp--preset--spacing--50);padding-left:var(--wp--preset--spacing--50)\">\n<div class=\"wp-block-columns alignwide is-layout-flex wp-container-core-columns-is-layout-1da03c2a wp-block-columns-is-layout-flex\">\n<div class=\"wp-block-column is-vertically-aligned-center is-layout-flow wp-block-column-is-layout-flow\" style=\"flex-basis:60%\">\n<figure class=\"wp-block-image size-full is-style-rounded wp-duotone-varpresetduotoneduotone-1-1\"><img decoding=\"async\" src=\"https:\/\/psychotherapy-you.eu\/wp-content\/themes\/twentytwentyfour\/assets\/images\/abstract-geometric-art.webp\" alt=\"Bia\u0142e abstrakcyjne dzie\u0142o geometryczne z Drezna, Niemiec\" style=\"aspect-ratio:4\/3;object-fit:cover\"\/><\/figure>\n<\/div>\n\n\n\n<div class=\"wp-block-column is-layout-flow wp-block-column-is-layout-flow\" style=\"flex-basis:40%\">\n<h3 class=\"wp-block-heading\">Dotychczasowe szkolenia:<\/h3>\n\n\n\n<ul class=\"wp-block-list\">\n<li>4-letnie studium psychoterapii (Polski Instytut Psychoterapii Integratywnej w Krakowie- PIPI)<\/li>\n\n\n\n<li>Diagnoza kliniczna DSM IV- TR i nowo\u015bci DSM V (PIPI)<\/li>\n\n\n\n<li>Integratywna systemowa psychoterapia zaburze\u0144 depresyjnych (PIPI)<\/li>\n\n\n\n<li>Integratywna systemowa psychoterapia zaburze\u0144 l\u0119kowych (PIPI)<\/li>\n\n\n\n<li>Podstawy psychoterapii (PIPI)<\/li>\n\n\n\n<li>Hipnoza w psychoterapii (PIPI)&nbsp;<\/li>\n\n\n\n<li>Zaburzenia od\u017cywiania (PIPI)<\/li>\n\n\n\n<li>Zerowy kurs przygotowuj\u0105cy do szko\u0142y psychoterapii (Szpital Kliniczny im. J. Babi\u0144skiego w Krakowie)<\/li>\n\n\n\n<li>Terapia schemat\u00f3w (Centrum Rozwoju Personalnego we Wroc\u0142awiu)<\/li>\n\n\n\n<li>Interwencja kryzysowa (Centrum Rozwoju Personalnego we Wroc\u0142awiu)<\/li>\n\n\n\n<li>Victor Yalom: Najcenniejsze lekcje od najwi\u0119kszych s\u0142aw psychoterapii (Szko\u0142a Psychoterapii DIALOG)<\/li>\n\n\n\n<li>Jak najlepiej pom\u00f3c pacjentom cierpi\u0105cym na ChAD (DIALOG)<\/li>\n\n\n\n<li>Jak pracowa\u0107 z bliskimi os\u00f3b uzale\u017cnionych (z tzw. wsp\u00f3\u0142uzale\u017cnieniem) (DIALOG)<\/li>\n\n\n\n<li>W jaki spos\u00f3b stosowa\u0107 racjonalno-emotywn\u0105 terapi\u0119 behawioraln\u0105 w pracy z zarz\u0105dzaniem gniewem (DIALOG)<\/li>\n\n\n\n<li>Jak skutecznie przeprowadza\u0107 konsultacje do psychoterapii (DIALOG)<\/li>\n\n\n\n<li>Jak pracowa\u0107 ze sprawcami przemocy (DIALOG)<\/li>\n\n\n\n<li>Jak pracowa\u0107 z pacjentami t\u0142umi\u0105cymi gniew (DIALOG)<\/li>\n\n\n\n<li>Czego warto si\u0119 nauczy\u0107 od psychoterapeut\u00f3w Gestalt (DIALOG)<\/li>\n\n\n\n<li>Jak pracowa\u0107 z pacjentem, kt\u00f3ry \u017cyje w ci\u0105g\u0142ym l\u0119ku i zamartwianiu (DIALOG)<\/li>\n\n\n\n<li>Jak stosowa\u0107 podej\u015bcie terapeutyczne Mind-Body w pracy z klientami (DIALOG)<\/li>\n\n\n\n<li>Jak w praktyce pracowa\u0107 z osob\u0105, kt\u00f3ra do\u015bwiadcza przemocy (DIALOG)<\/li>\n<\/ul>\n<\/div>\n<\/div>\n<\/div>\n<\/div>\n\n\n\n<div class=\"wp-block-group alignfull is-layout-constrained wp-container-core-group-is-layout-d89aad35 wp-block-group-is-layout-constrained\" style=\"margin-top:0;margin-bottom:0;padding-top:var(--wp--preset--spacing--50);padding-right:var(--wp--preset--spacing--50);padding-bottom:var(--wp--preset--spacing--50);padding-left:var(--wp--preset--spacing--50)\">\n<div class=\"wp-block-group alignwide has-base-2-background-color has-background is-layout-flow wp-block-group-is-layout-flow\" style=\"border-radius:16px;padding-top:var(--wp--preset--spacing--50);padding-right:var(--wp--preset--spacing--50);padding-bottom:var(--wp--preset--spacing--50);padding-left:var(--wp--preset--spacing--50)\">\n<p class=\"has-text-align-center\">\u201eNie jestem tym, co mi si\u0119 przydarzy\u0142o. Jestem tym, kim wybieram si\u0119 sta\u0107.\u201d Carl Gustav Jung<\/p>\n\n\n\n<div style=\"height:var(--wp--preset--spacing--10)\" aria-hidden=\"true\" class=\"wp-block-spacer\"><\/div>\n\n\n\n<div class=\"wp-block-group alignwide is-content-justification-center is-layout-flex wp-container-core-group-is-layout-f95ffa09 wp-block-group-is-layout-flex\" style=\"padding-top:0;padding-right:0;padding-bottom:0;padding-left:0\"><\/div>\n<\/div>\n<\/div>\n\n\n\n<div class=\"wp-block-group alignfull has-base-color has-contrast-background-color has-text-color has-background has-link-color wp-elements-a7bcde0ee760b2db8916f8a991d466fc is-layout-constrained wp-container-core-group-is-layout-d89aad35 wp-block-group-is-layout-constrained\" style=\"margin-top:0;margin-bottom:0;padding-top:var(--wp--preset--spacing--50);padding-right:var(--wp--preset--spacing--50);padding-bottom:var(--wp--preset--spacing--50);padding-left:var(--wp--preset--spacing--50)\">\n<h2 class=\"wp-block-heading alignwide has-base-color has-text-color has-link-color wp-elements-86162bc01bfd24b66ed5ee2570e69664\" style=\"font-size:clamp(4.509rem, 4.509rem + ((1vw - 0.2rem) * 6.864), 10rem);letter-spacing:-0.02em\"><\/h2>\n\n\n\n<div class=\"wp-block-group alignwide is-layout-flow wp-block-group-is-layout-flow\">\n<hr class=\"wp-block-separator has-text-color has-base-color has-alpha-channel-opacity has-base-background-color has-background is-style-wide\" style=\"margin-top:var(--wp--preset--spacing--30);margin-bottom:var(--wp--preset--spacing--30)\"\/>\n\n\n\n<h3 class=\"wp-block-heading alignwide has-base-2-color has-text-color has-link-color wp-elements-2b48e081fa8cb2218cbd4bcc07055d1d\"><\/h3>\n\n\n\n<hr class=\"wp-block-separator has-text-color has-base-color has-alpha-channel-opacity has-base-background-color has-background is-style-wide\" style=\"margin-top:var(--wp--preset--spacing--30);margin-bottom:var(--wp--preset--spacing--30)\"\/>\n\n\n\n<h3 class=\"wp-block-heading alignwide has-base-2-color has-text-color has-link-color wp-elements-2b48e081fa8cb2218cbd4bcc07055d1d\"><\/h3>\n\n\n\n<hr class=\"wp-block-separator has-text-color has-base-color has-alpha-channel-opacity has-base-background-color has-background is-style-wide\" style=\"margin-top:var(--wp--preset--spacing--30);margin-bottom:var(--wp--preset--spacing--30)\"\/>\n\n\n\n<h3 class=\"wp-block-heading alignwide has-base-2-color has-text-color has-link-color wp-elements-2b48e081fa8cb2218cbd4bcc07055d1d\"><\/h3>\n\n\n\n<div style=\"margin-top:var(--wp--preset--spacing--10);margin-bottom:0;height:var(--wp--preset--spacing--10)\" aria-hidden=\"true\" class=\"wp-block-spacer\"><\/div>\n<\/div>\n<\/div>\n\n\n\n<div class=\"wp-block-group alignfull is-layout-constrained wp-container-core-group-is-layout-d89aad35 wp-block-group-is-layout-constrained\" style=\"margin-top:0;margin-bottom:0;padding-top:var(--wp--preset--spacing--50);padding-right:var(--wp--preset--spacing--50);padding-bottom:var(--wp--preset--spacing--50);padding-left:var(--wp--preset--spacing--50)\">\n<div class=\"wp-block-columns alignwide are-vertically-aligned-center is-layout-flex wp-container-core-columns-is-layout-47c06fe3 wp-block-columns-is-layout-flex\">\n<div class=\"wp-block-column is-vertically-aligned-center is-layout-flow wp-block-column-is-layout-flow\" style=\"flex-basis:50%\"><\/div>\n<\/div>\n<\/div>\n\n\n\n<p><\/p>\n","protected":false},"excerpt":{"rendered":"<p>Nazywam si\u0119 Katarzyna Ginalska. Mam 41 lat i pracuj\u0119 jako psychoterapeutka w podej\u015bciu integracyjnym. M\u00f3j gabinet mie\u015bci si\u0119 w Krakowie przy ul. Suchej 15c, ale pracuj\u0119 tak\u017ce online. Odby\u0142am podyplomowe 4-letnie szkolenie Studium Psychoterapii w Polskim InstytuciePsychoterapii Integratywnej w Krakowie. Dodatkowo jestem magistrem Filologii angielskiej Uniwersytetu Jagiello\u0144skiego, co pozwala mi pracowa\u0107 terapeutycznie w j\u0119zyku angielskim.Rozw\u00f3j [&hellip;]<\/p>\n","protected":false},"author":1,"featured_media":0,"parent":0,"menu_order":0,"comment_status":"closed","ping_status":"closed","template":"","meta":{"footnotes":""},"class_list":["post-13","page","type-page","status-publish","hentry"],"blocksy_meta":[],"_links":{"self":[{"href":"https:\/\/psychotherapy-you.eu\/index.php?rest_route=\/wp\/v2\/pages\/13","targetHints":{"allow":["GET"]}}],"collection":[{"href":"https:\/\/psychotherapy-you.eu\/index.php?rest_route=\/wp\/v2\/pages"}],"about":[{"href":"https:\/\/psychotherapy-you.eu\/index.php?rest_route=\/wp\/v2\/types\/page"}],"author":[{"embeddable":true,"href":"https:\/\/psychotherapy-you.eu\/index.php?rest_route=\/wp\/v2\/users\/1"}],"replies":[{"embeddable":true,"href":"https:\/\/psychotherapy-you.eu\/index.php?rest_route=%2Fwp%2Fv2%2Fcomments&post=13"}],"version-history":[{"count":12,"href":"https:\/\/psychotherapy-you.eu\/index.php?rest_route=\/wp\/v2\/pages\/13\/revisions"}],"predecessor-version":[{"id":286,"href":"https:\/\/psychotherapy-you.eu\/index.php?rest_route=\/wp\/v2\/pages\/13\/revisions\/286"}],"wp:attachment":[{"href":"https:\/\/psychotherapy-you.eu\/index.php?rest_route=%2Fwp%2Fv2%2Fmedia&parent=13"}],"curies":[{"name":"wp","href":"https:\/\/api.w.org\/{rel}","templated":true}]}}