{"id":185,"date":"2025-07-28T12:42:39","date_gmt":"2025-07-28T10:42:39","guid":{"rendered":"https:\/\/psychotherapy-you.eu\/?page_id=185"},"modified":"2025-08-10T10:31:20","modified_gmt":"2025-08-10T08:31:20","slug":"regulamin","status":"publish","type":"page","link":"https:\/\/psychotherapy-you.eu\/?page_id=185","title":{"rendered":"Regulamin"},"content":{"rendered":"\n<h2 class=\"wp-block-heading\">Regulamin korzystania z serwisu<\/h2>\n\n\n\n<p>Regulamin obowi\u0105zuje od dnia 24.07.2025<\/p>\n\n\n\n<h2 class=\"wp-block-heading\">1. Definicje<\/h2>\n\n\n\n<p>Na potrzeby niniejszego regulaminu, przyjmuje si\u0119 nast\u0119puj\u0105ce znaczenie poni\u017cszych poj\u0119\u0107:<br><\/p>\n\n\n\n<ul class=\"wp-block-list\">\n<li>Regulamin \u2013 niniejszy regulamin, kt\u00f3ry okre\u015bla zasady korzystania z Serwisu i Us\u0142ug przez niego oferowanych;<\/li>\n\n\n\n<li>Serwis \u2013 strona internetowa umieszczona pod adresem www.psychotherapy-you.eu wraz ze wszystkimi podstronami stanowi\u0105cymi jej cz\u0119\u015b\u0107;<\/li>\n\n\n\n<li>U\u017cytkownik \u2013 osoba fizyczna korzystaj\u0105ca z Serwisu, zobowi\u0105zana do przestrzegania wymaga\u0144 okre\u015blonych Regulaminem;<\/li>\n\n\n\n<li>Sprzedawca \u2013  Katarzyna Ginalska, w\u0142a\u015bcicielka i administratorka Serwisu, adres: Krak\u00f3w 30-601, ul. Sucha 15c. NIP: 6842240044<\/li>\n\n\n\n<li>Us\u0142uga \u2013 dost\u0119pna w Sklepie i Serwisie us\u0142uga \u015bwiadczona drog\u0105 elektroniczn\u0105 b\u0119d\u0105ca przedmiotem Umowy Sprzeda\u017cy mi\u0119dzy U\u017cytkownikiem a Sprzedawc\u0105. Sprzedawca prowadzi za po\u015brednictwem Serwisu dzia\u0142alno\u015b\u0107 zwi\u0105zan\u0105 z rozwojem osobistym, psychoedukacj\u0105.<\/li>\n\n\n\n<li>Sklep \u2013 sklep internetowy prowadzony przez Serwis, kt\u00f3ry obejmuje formularz rezerwacji sesji Bookero<\/li>\n\n\n\n<li>Sesja \u2013 spotkanie online, trwaj\u0105ce 50 min.,&nbsp; podczas kt\u00f3rego realizowana jest Us\u0142uga<br><br><br><\/li>\n<\/ul>\n\n\n\n<h2 class=\"wp-block-heading\">2. Postanowienia og\u00f3lne<\/h2>\n\n\n\n<ol class=\"wp-block-list\">\n<li>Regulamin okre\u015bla warunki i zasady korzystania z us\u0142ug \u015bwiadczonych odp\u0142atnie i nieodp\u0142atnie przez Sprzedawc\u0119 za po\u015brednictwem Serwisu na rzecz U\u017cytkownik\u00f3w. Us\u0142ugi obejmuj\u0105 tematyk\u0119 rozwoju osobistego, pomocy psychologicznej w formie kurs\u00f3w, webinar\u00f3w, ebook\u00f3w, spotka\u0144 na \u017cywo i online, tworzenia grup online.<\/li>\n\n\n\n<li>Za po\u015brednictwem Serwisu, Sprzedawca zapewnia U\u017cytkownikowi mo\u017cliwo\u015b\u0107 zawarcia umowy sprzeda\u017cy produkt\u00f3w fizycznych dost\u0119pnych w Sklepie, umowy o dostarczenie tre\u015bci cyfrowych w postaci kurs\u00f3w on-line oraz innych produkt\u00f3w elektronicznych opisanych na stronach Sklepu, jak r\u00f3wnie\u017c mo\u017cliwo\u015b\u0107 odp\u0142atnego uzyskania dost\u0119pu do zawarto\u015bci takich jak e-booki, webinary, nagrania audio, karty pracy, transkrypcje, materia\u0142y wizualne, pliki do druku.<\/li>\n\n\n\n<li>Za po\u015brednictwem Serwisu, Sprzedawca zapewnia U\u017cytkownikowi mo\u017cliwo\u015b\u0107 rezerwacji i zakupu Sesji.<\/li>\n\n\n\n<li>Informacje zawarte w Serwisie nie stanowi\u0105 oferty w rozumieniu przepis\u00f3w kodeksu cywilnego. <br><\/li>\n<\/ol>\n\n\n\n<h2 class=\"wp-block-heading\">3. Warunki techniczne<\/h2>\n\n\n\n<ol class=\"wp-block-list\">\n<li>U\u017cytkownik potrzebuje dost\u0119pu do Internetu, urz\u0105dzenia ze standardowym systemem operacyjnym, przegl\u0105darki internetowej oraz aktywnego adresu e-mail, aby m\u00f3c korzysta\u0107 z produkt\u00f3w i us\u0142ug zakupionych w Serwisie.<\/li>\n\n\n\n<li>U\u017cytkownik nie mo\u017ce dokona\u0107 zakupu w Serwisie&nbsp; anonimowo ani pod pseudonimem.<\/li>\n\n\n\n<li>Sprzedawca podejmuje dzia\u0142ania w celu zapewnienia w pe\u0142ni poprawnego funkcjonowania Serwisu. U\u017cytkownik powinien poinformowa\u0107 Sprzedawc\u0119 o wszelkich nieprawid\u0142owo\u015bciach lub przerwach w funkcjonowaniu Serwisu.<\/li>\n\n\n\n<li>&nbsp;Zakazane jest podczas korzystania z Serwisu dostarczanie tre\u015bci o charakterze bezprawnym, w szczeg\u00f3lno\u015bci poprzez przesy\u0142anie takich tre\u015bci za po\u015brednictwem formularzy dost\u0119pnych w Serwisie.<\/li>\n<\/ol>\n\n\n\n<h2 class=\"wp-block-heading\">4. U\u017cytkownik<\/h2>\n\n\n\n<p>U\u017cytkownikiem Serwisu mo\u017ce by\u0107 osoba fizyczna maj\u0105ca pe\u0142n\u0105 zdolno\u015b\u0107 do czynno\u015bci prawnych, kt\u00f3ra zaakceptowa\u0142a Regulamin.<\/p>\n\n\n\n<h2 class=\"wp-block-heading\">5. Zam\u00f3wienie<\/h2>\n\n\n\n<ol class=\"wp-block-list\">\n<li>U\u017cytkownik zamawia Us\u0142ug\u0119 za po\u015brednictwem Serwisu. <\/li>\n\n\n\n<li>Sk\u0142adaj\u0105c zam\u00f3wienie U\u017cytkownik wskazuje wybran\u0105 Us\u0142ug\u0119 dost\u0119pn\u0105 w Serwisie.<\/li>\n\n\n\n<li>Zagwarantowanie odbycia si\u0119 Us\u0142ugi odbywa si\u0119 poprzez uiszczenie op\u0142aty zgodnej z Cennikiem umieszczonym w Serwisie.<\/li>\n\n\n\n<li>Po otrzymaniu p\u0142atno\u015bci, Sprzedawca rezerwuje termin Us\u0142ugi dla U\u017cytkownika. Sesja jest \u015bwiadczona za po\u015brednictwem wideorozmowy (rozmowa odbywa si\u0119 w \u015bci\u015ble okre\u015blonym terminie i okre\u015blonej godzinie).<\/li>\n\n\n\n<li>Realizacja Us\u0142ugi jest mo\u017cliwa dopiero po uiszczeniu op\u0142aty, przez co nale\u017cy rozumie\u0107 wp\u0142yw \u015brodk\u00f3w pieni\u0119\u017cnych w okre\u015blonej kwocie na rachunek bankowy Sprzedawcy.<\/li>\n\n\n\n<li>Szczeg\u00f3\u0142y dotycz\u0105ce dost\u0119pu Sesj\u0119 oraz link do p\u0142atno\u015bci wysy\u0142ane s\u0105 na podany adres mailowy.<\/li>\n\n\n\n<li>Umowa o \u015bwiadczenie Us\u0142ugi  jest zawierana na czas oznaczony i ulega rozwi\u0105zaniu w momencie zaprzestania korzystania z tej Us\u0142ugi przez U\u017cytkownika. <\/li>\n<\/ol>\n\n\n\n<h2 class=\"wp-block-heading\">6. P\u0142atno\u015b\u0107<\/h2>\n\n\n\n<ol class=\"wp-block-list\">\n<li>W celu zarezerwowania kolejnej Sesji nale\u017cy ui\u015bci\u0107 op\u0142at\u0119 najp\u00f3\u017aniej do 24h przed rozpocz\u0119ciem Sesji. W przypadku pierwszej konsultacji op\u0142ata powinna zosta\u0107 wykonana do 1 godziny od otrzymania linku do p\u0142atno\u015bci.<\/li>\n\n\n\n<li>Podane w Serwisie kwoty s\u0105 kwotami brutto.<\/li>\n\n\n\n<li>Aktualnie akceptowane formy p\u0142atno\u015bci s\u0105 wskazane w formularzu Bookero i w Serwisie. P\u0142atno\u015bci mog\u0105 by\u0107 dokonywane za pomoc\u0105 BLIK, Przelewu oraz systemu Tpay. Nr telefonu do BLIK to 793970584. Nr konta do przelewu do: 58124045751111001062388802<\/li>\n\n\n\n<li>Faktury s\u0105 wystawiane na pisemn\u0105 pro\u015bb\u0119 oraz na podstawie podanych w zam\u00f3wieniu danych. O ch\u0119ci zmiany danych na fakturze nale\u017cy poinformowa\u0107 Sprzedawc\u0119&nbsp; pod adresem: kasiaginalska@gmail.com oraz przes\u0142a\u0107 dane niezb\u0119dne do jej zmiany.<\/li>\n\n\n\n<li>Niewykorzystanie Produktu lub Us\u0142ugi poprzez nieuczestniczenie w Sesji nie wp\u0142ywa na wysoko\u015b\u0107 Op\u0142aty i nie skutkuje proporcjonalnym zwrotem kwoty Op\u0142aty.<\/li>\n\n\n\n<li>Sprzedawca zastrzega sobie prawo do wprowadzania oraz odwo\u0142ywania promocji oraz do zmiany cen w Sklepie bez uszczerbku dla praw nabytych przez U\u017cytkownika, w tym w szczeg\u00f3lno\u015bci warunk\u00f3w um\u00f3w zawartych przed dokonaniem zmiany.<\/li>\n<\/ol>\n\n\n\n<h2 class=\"wp-block-heading\">7. Odst\u0105pienie od umowy<\/h2>\n\n\n\n<ol class=\"wp-block-list\">\n<li>U\u017cytkownik ma prawo do odst\u0105pienia od umowy w terminie 14 dni od dnia jej zawarcia bez podania przyczyny.<\/li>\n\n\n\n<li>Odst\u0105pienie od umowy nast\u0119puje poprzez z\u0142o\u017cenie o\u015bwiadczenia przed up\u0142ywem wskazanego powy\u017cej terminu w formie elektronicznej na: kasiaginalska@gmail.com. O\u015bwiadczenie musi zawiera\u0107 dane umo\u017cliwiaj\u0105ce identyfikacj\u0119 U\u017cytkownika, co najmniej adres poczty elektronicznej wykorzystanej do rejestracji U\u017cytkownika.&nbsp;<\/li>\n\n\n\n<li>Serwis nie p\u00f3\u017aniej ni\u017c w terminie 14 dni od dnia otrzymania o\u015bwiadczenia o odst\u0105pieniu od umowy, zwr\u00f3ci U\u017cytkownikowi dokonane przez niego p\u0142atno\u015bci u\u017cywaj\u0105c takiego samego sposobu zap\u0142aty jakiego u\u017cy\u0142 U\u017cytkownik.<\/li>\n\n\n\n<li>Prawo do odst\u0105pienia od umowy nie przys\u0142uguje U\u017cytkownikowi w odniesieniu do umowy:<br>a) o \u015bwiadczenie us\u0142ug, je\u015bli do czasu zrealizowania Us\u0142ugi pozosta\u0142o 24 godziny lub mniej<br>b) o \u015bwiadczenie us\u0142ug, je\u017celi Sprzedawca wykona\u0142 w pe\u0142ni Us\u0142ug\u0119 za wyra\u017an\u0105 zgod\u0105 konsumenta, kt\u00f3ry si\u0119 pojawi\u0142 na Sesji.<\/li>\n\n\n\n<li>Prawo odst\u0105pienia od umowy zawartej na odleg\u0142o\u015b\u0107 nie przys\u0142uguje U\u017cytkownikowi w przypadku umowy, w kt\u00f3rej przedmiotem \u015bwiadczenia jest us\u0142uga, je\u017celi Sprzedawca wykona\u0142 w pe\u0142ni us\u0142ug\u0119 za wyra\u017an\u0105 zgod\u0105 U\u017cytkownika, kt\u00f3ry zosta\u0142 poinformowany przed rozpocz\u0119ciem \u015bwiadczenia, \u017ce po jego spe\u0142nieniu przez Sprzedawc\u0119 utraci prawo odst\u0105pienia od umowy.<\/li>\n<\/ol>\n\n\n\n<h2 class=\"wp-block-heading\">8. Reklamacje<\/h2>\n\n\n\n<p>1. Reklamacje co do us\u0142ug \u015bwiadczonych przez Serwis oraz co do funkcjonowania Serwisu mog\u0105 by\u0107 sk\u0142adane w formie elektronicznej na adres kasiaginalska@gmail.com.<br>2. Reklamacje nale\u017cy sk\u0142ada\u0107 w terminie 7 dni, licz\u0105c od dnia wyst\u0105pienia zdarzenia uzasadniaj\u0105cego zg\u0142oszenie reklamacji.<br>3. Zg\u0142oszenie reklamacyjne powinno zawiera\u0107 dane umo\u017cliwiaj\u0105ce identyfikacj\u0119 U\u017cytkownika, czyli co najmniej adres poczty elektronicznej wykorzystanej do rejestracji U\u017cytkownika.<br>4. Nale\u017cy wskaza\u0107 okoliczno\u015bci stanowi\u0105ce podstaw\u0119 zg\u0142oszenia reklamacji oraz oczekiwany spos\u00f3b za\u0142atwienia sprawy.<br>5. Serwis rozpatruje reklamacj\u0119 w terminie 14 dni od dnia dor\u0119czenia zg\u0142oszenia reklamacyjnego oraz udziela odpowiedzi co do sposobu za\u0142atwienia reklamacji na adres poczty elektronicznej wykorzystanej do rejestracji U\u017cytkownika, chyba \u017ce w zg\u0142oszeniu reklamacyjnym wskazano inny adres poczty elektronicznej.<\/p>\n\n\n\n<h2 class=\"wp-block-heading\">9. Odpowiedzialno\u015b\u0107 U\u017cytkownika i prawa autorskie<\/h2>\n\n\n\n<p>1. Zamieszczane w Serwisie tre\u015bci, a tak\u017ce grafiki, fotografie, artyku\u0142y oraz tre\u015b\u0107 zakupionych Produkt\u00f3w stanowi\u0105 utw\u00f3r w my\u015bl ustawy o prawie autorskim i prawach pokrewnych (t.j.: Dz.U. 2006r. Nr 90 poz. 631).<br>2. U\u017cytkownikowi nie wolno w \u017cadnej formie publikowa\u0107 utwor\u00f3w okre\u015blonych w ust. 1 ani udost\u0119pnia\u0107 i prezentowa\u0107 tre\u015bci Produkt\u00f3w osobom trzecim.<br>3. Kopiowanie lub powielanie utwor\u00f3w okre\u015blonych w ust. 1 jest mo\u017cliwe jedynie na w\u0142asny u\u017cytek U\u017cytkownika.<br>4. U\u017cytkownik zobowi\u0105zany jest do korzystania wy\u0142\u0105cznie z w\u0142asnego konta w Serwisie.<br>5. U\u017cytkownikowi nie wolno udost\u0119pnia\u0107 swojego konta osobom trzecim.<\/p>\n\n\n\n<h2 class=\"wp-block-heading\">10. Dane osobowe U\u017cytkownika<\/h2>\n\n\n\n<p>1. Sprzedawca pe\u0142ni rol\u0119 administratora danych osobowych zbieraj\u0105c i przetwarzaj\u0105c przekazywane przez U\u017cytkownika dane osobowe w celu \u015bwiadczenia us\u0142ug zgodnie z Regulaminem i obowi\u0105zuj\u0105cymi przepisami prawa.<br>2. Podanie danych osobowych jest dobrowolne.<br>3. U\u017cytkownik ma prawo dost\u0119pu do swoich danych i do ich zmian.<br>4. Sprzedawca\u00a0 przetwarza dane osobowe jedynie w celu realizacji umowy lub dochodzenia roszcze\u0144 z ni\u0105 zwi\u0105zanych.<br>5. Dane U\u017cytkownik\u00f3w nie b\u0119d\u0105 przekazywane osobom trzecim, opr\u00f3cz wyj\u0105tk\u00f3w uregulowanych w przepisach obowi\u0105zuj\u0105cego prawa. Administrator, w ramach wykonywania umowy, mo\u017ce przekaza\u0107 dane podmiotowi obs\u0142uguj\u0105cemu wskazany przez U\u017cytkownika spos\u00f3b p\u0142atno\u015bci. Jest to Tpay Krajowy Integrator P\u0142atno\u015bci S.A. , Plac Andersa 3, 17 pi\u0119tro, 61-894, Pozna\u0144 oraz spos\u00f3b dokonywania rezerwacji Bookero, al. Jana Paw\u0142a II 27 00-867 Warszawa.<\/p>\n\n\n\n<h2 class=\"wp-block-heading\">11. Regulamin umawiania Sesji<\/h2>\n\n\n\n<p><\/p>\n\n\n\n<ol class=\"wp-block-list\">\n<li>W celu um\u00f3wienia si\u0119 na Sesj\u0119 nale\u017cy skontaktowa\u0107 si\u0119 ze Sprzedawc\u0105: telefonicznie, mailowo, przez formularz Bookero w Serwisie.<\/li>\n\n\n\n<li>Wizyty niepotwierdzone b\u0119d\u0105 odwo\u0142ywane.<\/li>\n\n\n\n<li>W przypadku niepojawienia si\u0119 na um\u00f3wion\u0105 Sesj\u0119, bez uprzedzenia, przez 15 minut jej trwania, Sprzedawca ma mo\u017cliwo\u015b\u0107 opuszczenia spotkania.<\/li>\n\n\n\n<li>W przypadku wszystkich wizyt pierwszorazowych online, po potwierdzeniu wizyty zostanie wygenerowany link do p\u0142atno\u015bci, kt\u00f3r\u0105 b\u0119dzie mo\u017cna wykona\u0107 za po\u015brednictwem platformy Tpay. Link zostanie wys\u0142any mailowo. Do 1 godziny od otrzymania linku nale\u017cy wykona\u0107 p\u0142atno\u015b\u0107. W przypadku nieop\u0142acenia wizyty we wskazanym terminie zostanie ona anulowana.<\/li>\n\n\n\n<li>W przypadku kolejnych konsultacji psychoterapeutycznych online zostanie wygenerowany link do p\u0142atno\u015bci na kilka dni przed Sesj\u0105. Link zostanie wys\u0142any mailowo. Do 24 godzin przed um\u00f3wion\u0105 wizyt\u0105 nale\u017cy wykona\u0107 p\u0142atno\u015b\u0107.&nbsp;<\/li>\n\n\n\n<li>U\u017cytkownik ma prawo do odwo\u0142ania pierwszej Sesji najp\u00f3\u017aniej na 24 godziny przed terminem jej wykonania kontaktuj\u0105c si\u0119 ze Sprzedawc\u0105.&nbsp;<\/li>\n\n\n\n<li>W przypadku odwo\u0142ania pierwszej Sesji w czasie kr\u00f3tszym ni\u017c 24 godziny przed jej rozpocz\u0119ciem kwota za \u015bwiadczenie nie b\u0119dzie zwracana.<\/li>\n\n\n\n<li>W przypadku odwo\u0142ania pierwszej Sesji w czasie d\u0142u\u017cszym ni\u017c 24 godziny przed jej planowanym rozpocz\u0119ciem nast\u0119puje zwrot uiszczonej p\u0142atno\u015bci przelewem na podany przez U\u017cytkownika numer konta bankowego. Sprzedawca dokonuje zwrotu \u015brodk\u00f3w U\u017cytkownikowi w terminie 14 dni od momentu odwo\u0142ania Sesji. W przypadku zwrotu nale\u017cno\u015bci U\u017cytkownik mo\u017ce zosta\u0107 obci\u0105\u017cony kosztami prowizji i op\u0142at, kt\u00f3re obci\u0105\u017cy\u0142y Serwis w zwi\u0105zku z t\u0105 Sesj\u0105 przez Tpay (zgodnie z regulaminem us\u0142ugi) lub bank w przypadku przelewu zagranicznego.<\/li>\n\n\n\n<li>W przypadku odwo\u0142ania kolejnych wizyt w czasie kr\u00f3tszym ni\u017c 24 godziny przed jej rozpocz\u0119ciem U\u017cytkownik zobowi\u0105zany jest do uiszczenia pe\u0142nej op\u0142aty za sesj\u0119.<\/li>\n\n\n\n<li>Terapia cykliczna zak\u0142ada zg\u0142aszanie u terapeuty wszelkich nieobecno\u015bci przynajmniej 7 dni wcze\u015bniej. Niezap\u0142acenie za sesj\u0119, czego nast\u0119pstwem jest jej automatyczne anulowanie, nie zwalnia U\u017cytkownika z obowi\u0105zku informowania o swojej nieobecno\u015bci.&nbsp;<\/li>\n\n\n\n<li>Po odbyciu wymaganej ilo\u015bci wizyt konsultacyjnych u Sprzedawcy (psychoterapeuty) U\u017cytkownik mo\u017ce zdecydowa\u0107 si\u0119 na podj\u0119cie terapii, na warunkach ustalonych bezpo\u015brednio z psychoterapeut\u0105. Sprzedawca zastrzega sobie prawo do przerwania spotka\u0144 z U\u017cytkownikiem, kt\u00f3ry nie wywi\u0105zuje si\u0119 z kontraktu terapeutycznego, a ten\u017ce zak\u0142ada sta\u0142\u0105 cykliczno\u015b\u0107 spotka\u0144.<\/li>\n\n\n\n<li>U\u017cytkownik zostaje zapisany na sta\u0142y termin terapii, kt\u00f3ry jest dla niego rezerwowany z tygodnia na tydzie\u0144, bez konieczno\u015bci umawiania si\u0119 na wizyty. U\u017cytkownik jest zobowi\u0105zany do informowania o nieobecno\u015bciach na zasadach ustalonych indywidualnie ze Sprzedawc\u0105.<\/li>\n\n\n\n<li>Sesje nie s\u0105 przed\u0142u\u017cane w przypadku sp\u00f3\u017anienia si\u0119 U\u017cytkownika.<\/li>\n<\/ol>\n\n\n\n<h2 class=\"wp-block-heading\">12. Postanowienia ko\u0144cowe<\/h2>\n\n\n\n<p>1. Wszelkie spory zwi\u0105zane z umowami zawieranymi za po\u015brednictwem Sklepu b\u0119d\u0105 rozpatrywane przez polski s\u0105d powszechny w\u0142a\u015bciwy ze wzgl\u0119du na sta\u0142e miejsce wykonywania dzia\u0142alno\u015bci gospodarczej przez Sprzedawc\u0119. Postanowienie to nie znajduje zastosowania do Konsument\u00f3w, w przypadku kt\u00f3rych w\u0142a\u015bciwo\u015b\u0107 oraz jurysdykcja s\u0105du rozpatrywane s\u0105 na zasadach og\u00f3lnych.<br>2. Sprzedawca zastrzega sobie mo\u017cliwo\u015b\u0107 wprowadzania zmian w Regulaminie. Do um\u00f3w zawartych przed zmian\u0105 Regulaminu stosuje si\u0119 Regulamin obowi\u0105zuj\u0105cy w dacie zawarcia umowy.<br>3. Niniejszy Regulamin obowi\u0105zuje od dnia 24.07.2025.<\/p>\n\n\n\n<p><\/p>\n","protected":false},"excerpt":{"rendered":"<p>Regulamin korzystania z serwisu Regulamin obowi\u0105zuje od dnia 24.07.2025 1. Definicje Na potrzeby niniejszego regulaminu, przyjmuje si\u0119 nast\u0119puj\u0105ce znaczenie poni\u017cszych poj\u0119\u0107: 2. Postanowienia og\u00f3lne 3. Warunki techniczne 4. U\u017cytkownik U\u017cytkownikiem Serwisu mo\u017ce by\u0107 osoba fizyczna maj\u0105ca pe\u0142n\u0105 zdolno\u015b\u0107 do czynno\u015bci prawnych, kt\u00f3ra zaakceptowa\u0142a Regulamin. 5. Zam\u00f3wienie 6. P\u0142atno\u015b\u0107 7. Odst\u0105pienie od umowy 8. Reklamacje 1. [&hellip;]<\/p>\n","protected":false},"author":1,"featured_media":0,"parent":0,"menu_order":0,"comment_status":"closed","ping_status":"closed","template":"","meta":{"footnotes":""},"class_list":["post-185","page","type-page","status-publish","hentry"],"blocksy_meta":[],"_links":{"self":[{"href":"https:\/\/psychotherapy-you.eu\/index.php?rest_route=\/wp\/v2\/pages\/185","targetHints":{"allow":["GET"]}}],"collection":[{"href":"https:\/\/psychotherapy-you.eu\/index.php?rest_route=\/wp\/v2\/pages"}],"about":[{"href":"https:\/\/psychotherapy-you.eu\/index.php?rest_route=\/wp\/v2\/types\/page"}],"author":[{"embeddable":true,"href":"https:\/\/psychotherapy-you.eu\/index.php?rest_route=\/wp\/v2\/users\/1"}],"replies":[{"embeddable":true,"href":"https:\/\/psychotherapy-you.eu\/index.php?rest_route=%2Fwp%2Fv2%2Fcomments&post=185"}],"version-history":[{"count":3,"href":"https:\/\/psychotherapy-you.eu\/index.php?rest_route=\/wp\/v2\/pages\/185\/revisions"}],"predecessor-version":[{"id":223,"href":"https:\/\/psychotherapy-you.eu\/index.php?rest_route=\/wp\/v2\/pages\/185\/revisions\/223"}],"wp:attachment":[{"href":"https:\/\/psychotherapy-you.eu\/index.php?rest_route=%2Fwp%2Fv2%2Fmedia&parent=185"}],"curies":[{"name":"wp","href":"https:\/\/api.w.org\/{rel}","templated":true}]}}