{"id":3,"date":"2024-10-18T12:15:35","date_gmt":"2024-10-18T10:15:35","guid":{"rendered":"https:\/\/psychotherapy-you.eu\/?page_id=3"},"modified":"2025-08-10T17:47:48","modified_gmt":"2025-08-10T15:47:48","slug":"polityka-prywatnosci","status":"publish","type":"page","link":"https:\/\/psychotherapy-you.eu\/?page_id=3","title":{"rendered":"Polityka prywatno\u015bci"},"content":{"rendered":"\n<h2 class=\"wp-block-heading\">Kim jestem<\/h2>\n\n\n\n<p>Adres mojej strony internetowej to: https:\/\/psychotherapy-you.eu. Administratorem danych osobowych jest Katarzyna Ginalska, ul. Sucha 15c, 30-601, Krak\u00f3w.<\/p>\n\n\n\n<h2 class=\"wp-block-heading\">Zakres przetwarzanych danych<\/h2>\n\n\n\n<p>Przetwarzamy Pana \/ Pani dane osobowe przekazane mi  w zwi\u0105zku z korzystaniem z moich us\u0142ug. Po\u015br\u00f3d tych danych mog\u0105 znajdowa\u0107 si\u0119, w szczeg\u00f3lno\u015bci, nast\u0119puj\u0105ce informacje:<\/p>\n\n\n\n<ul class=\"wp-block-list\">\n<li>imi\u0119 i nazwisko,<\/li>\n\n\n\n<li>adres e-mail,<\/li>\n\n\n\n<li>numer telefonu,<\/li>\n\n\n\n<li>adres zamieszkania,<\/li>\n\n\n\n<li>firma,<\/li>\n\n\n\n<li>adres sta\u0142ego miejsca wykonywania dzia\u0142alno\u015bci gospodarczej,<\/li>\n\n\n\n<li>numer NIP.<\/li>\n<\/ul>\n\n\n\n<h2 class=\"wp-block-heading\">Cele i podstawy przetwarzania<\/h2>\n\n\n\n<p>Dane przetwarzane s\u0105 w nast\u0119puj\u0105cych celach i w oparciu o nast\u0119puj\u0105ce podstawy prawne:<\/p>\n\n\n\n<ul class=\"wp-block-list\">\n<li>zawarcie i wykonanie umowy (art. 6 ust. 1 lit. b RODO),<\/li>\n\n\n\n<li>wystawienie faktury, uwzgl\u0119dnienie faktury w dokumentacji ksi\u0119gowej oraz realizacja pozosta\u0142ych obowi\u0105zk\u00f3w rachunkowych i ksi\u0119gowych nak\u0142adanych przez przepisy prawa (art. 6 ust. 1 lit. c RODO),<\/li>\n\n\n\n<li>ustalenie, dochodzenie lub obrona roszcze\u0144 zwi\u0105zanych z umow\u0105, co jest naszym prawnie uzasadnionym interesem (art. 6 ust. 1 lit. f RODO),<\/li>\n\n\n\n<li>identyfikacja klienta powracaj\u0105cego, odtworzenie przebiegu wsp\u00f3\u0142pracy, wymienionej korespondencji, przygotowanych dokument\u00f3w itp., co jest moim prawnie uzasadnionym interesem (art.6 ust. 1 lit.f RODO)<\/li>\n<\/ul>\n\n\n\n<h2 class=\"wp-block-heading\">Ciasteczka<\/h2>\n\n\n\n<p>Je\u015bli skomentujesz co\u015b w witrynie, b\u0119dzie mo\u017cna wybra\u0107 opcj\u0119 zapisu nazwy, adresu e-mail i witryny internetowej w ciasteczkach, dzi\u0119ki kt\u00f3rym podczas pisania kolejnych komentarzy powy\u017csze informacje b\u0119d\u0105 ju\u017c dogodnie uzupe\u0142nione. Ciasteczka wygasaj\u0105 po roku.<\/p>\n\n\n\n<p>Je\u015bli odwiedzisz stron\u0119 logowania, utworzone zostanie tymczasowe ciasteczko na potrzeby sprawdzenia czy twoja przegl\u0105darka akceptuje ciasteczka. Nie zawiera ono \u017cadnych danych osobistych i zostanie usuni\u0119te, kiedy przegl\u0105darka zostanie zamkni\u0119ta.<\/p>\n\n\n\n<p>Podczas logowania tworzymy dodatkowo kilka ciasteczek potrzebnych do zapisu twoich informacji logowania oraz wybranych opcji ekranu. Ciasteczka logowania wygasaj\u0105 po dw\u00f3ch dniach, a opcji ekranu po roku. Je\u015bli zaznaczysz opcj\u0119 \u201ePami\u0119taj mnie\u201d, logowanie wyga\u015bnie po dw\u00f3ch tygodniach. Je\u015bli wylogujesz si\u0119 ze swojego konta, ciasteczka logowania zostan\u0105 usuni\u0119te.<\/p>\n\n\n\n<h2 class=\"wp-block-heading\">Osadzone tre\u015bci z innych witryn<\/h2>\n\n\n\n<p>Artyku\u0142y na tej witrynie mog\u0105 zawiera\u0107 osadzone tre\u015bci (np. filmy, obrazki, artyku\u0142y itp.). Osadzone tre\u015bci z innych witryn zachowuj\u0105 si\u0119 analogicznie do tego, jakby u\u017cytkownik odwiedzi\u0142 bezpo\u015brednio konkretn\u0105 witryn\u0119.<\/p>\n\n\n\n<p>Witryny mog\u0105 zbiera\u0107 informacje o tobie, u\u017cywa\u0107 ciasteczek, do\u0142\u0105cza\u0107 dodatkowe, zewn\u0119trzne systemy \u015bledzenia i monitorowa\u0107 twoje interakcje z osadzonym materia\u0142em, w\u0142\u0105czaj\u0105c w to \u015bledzenie twoich interakcji z osadzonym materia\u0142em je\u015bli posiadasz konto i jeste\u015b zalogowany w tamtej witrynie.<\/p>\n\n\n\n<h2 class=\"wp-block-heading\">Uprawnienia zwi\u0105zane z przetwarzaniem<\/h2>\n\n\n\n<p>W zwi\u0105zku z przetwarzaniem danych osobowych przys\u0142uguj\u0105 Panu \/ Pani nast\u0119puj\u0105ce uprawnienia:<\/p>\n\n\n\n<ul class=\"wp-block-list\">\n<li>prawo dost\u0119pu do swoich danych oraz otrzymania ich kopii,<\/li>\n\n\n\n<li>prawo do sprostowania (poprawiania) swoich danych,<\/li>\n\n\n\n<li>prawo do usuni\u0119cia danych (je\u017celi Pana \/ Pani zdaniem nie ma podstaw, aby\u015bmy przetwarzali Pana \/ Pani dane, mo\u017ce Pan \/ Pani \u017c\u0105da\u0107, aby\u015bmy je usun\u0119li),<\/li>\n\n\n\n<li>prawo do ograniczenia przetwarzania danych (mo\u017ce Pan \/ Pani \u017c\u0105da\u0107, aby\u015bmy ograniczyli przetwarzanie danych wy\u0142\u0105cznie do ich przechowywania lub wykonywania uzgodnionych z Panem \/ Pani\u0105 dzia\u0142a\u0144, je\u017celi Pana \/ Pani zdaniem mamy nieprawid\u0142owe dane lub przetwarzamy je bezpodstawnie),<\/li>\n\n\n\n<li>prawo do wniesienia sprzeciwu wobec przetwarzania danych (ma Pan \/ Pani prawo do sprzeciwu wobec przetwarzania danych na podstawie prawnie uzasadnionego interesu; powinien Pan \/ Pani wskaza\u0107 nam Pana \/ Pani szczeg\u00f3ln\u0105 sytuacj\u0119, kt\u00f3ra Pana \/ Pani zdaniem uzasadnia zaprzestanie przez nas przetwarzania obj\u0119tego sprzeciwem; przestaniemy przetwarza\u0107 Pana \/ Pani dane w tych celach, chyba \u017ce wyka\u017cemy, \u017ce podstawy przetwarzania przez nas danych s\u0105 nadrz\u0119dne wobec Pana \/ Pani praw lub te\u017c, \u017ce Pana \/ Pani dane s\u0105 nam niezb\u0119dne do ustalenia, dochodzenia lub obrony roszcze\u0144),<\/li>\n\n\n\n<li>prawo do przenoszenia danych (ma Pan \/ Pani prawo otrzyma\u0107 od nas w ustrukturyzowanym, powszechnie u\u017cywanym formacie nadaj\u0105cym si\u0119 do odczytu maszynowego dane osobowe, kt\u00f3re Pan \/ Pani nam dostarczy\u0142 na podstawie umowy lub Pana \/ Pani zgody; mo\u017ce nam Pan \/ Pani zleci\u0107 przes\u0142anie tych danych bezpo\u015brednio innemu podmiotowi),<\/li>\n\n\n\n<li>prawo wniesienia skargi od organu nadzorczego (je\u017celi stwierdzi Pan \/ Pani, \u017ce przetwarzamy dane niezgodnie z prawem, mo\u017ce Pan \/ Pani z\u0142o\u017cy\u0107 w tej sprawie skarg\u0119 do Prezesa Urz\u0119du Ochrony Danych Osobowych lub innego w\u0142a\u015bciwego organu nadzorczego).<\/li>\n<\/ul>\n\n\n\n<p>W celu wykonania swoich praw prosimy skierowa\u0107 swoje \u017c\u0105danie pod adres e-mail kasiaginalska@gmail.com. Prosz\u0119 pami\u0119ta\u0107, \u017ce przed realizacj\u0105 Pana \/ Pani uprawnie\u0144 b\u0119dziemy musieli odpowiednio Pana \/ Pani\u0105\u00a0zidentyfikowa\u0107.<\/p>\n\n\n\n<h2 class=\"wp-block-heading\">Jak d\u0142ugo przechowujemy twoje dane<\/h2>\n\n\n\n<p><\/p>\n\n\n\n<p>Pana \/ Pani dane osobowe b\u0119d\u0105 przechowywane przez czas prowadzenia przez nas dzia\u0142alno\u015bci gospodarczej, chyba, \u017ce wcze\u015bniej sprzeciwi si\u0119 Pan \/ Pani przetwarzaniu danych osobowych, co spowoduje usuni\u0119cie tych danych. Sprzeciw b\u0119dzie skuteczny po up\u0142ywie terminu przedawnienia roszcze\u0144 z tytu\u0142u zawartej umowy. Do tego czasu Pana \/ Pani dane osobowe b\u0119d\u0105 nam niezb\u0119dne do ewentualnego ustalenia, dochodzenia lub obrony roszcze\u0144. Prosz\u0119 r\u00f3wnie\u017c pami\u0119ta\u0107, \u017ce gdy chodzi o dane zawarte w dokumentacji ksi\u0119gowej, dokumentacja taka musi by\u0107 przechowywana przez okres wynikaj\u0105cy z przepis\u00f3w prawa.<\/p>\n\n\n\n<h2 class=\"wp-block-heading\">Informacja o wymogu \/ dobrowolno\u015bci podania danych<\/h2>\n\n\n\n<p>Podanie przez Pana \/ Pani\u0105 danych jest warunkiem skorzystania z naszych us\u0142ug.<\/p>\n\n\n\n<h2 class=\"wp-block-heading\">Odbiorcy danych<\/h2>\n\n\n\n<p>W przetwarzaniu danych osobowych mog\u0105 bra\u0107 udzia\u0142 nast\u0119puj\u0105ce podmioty:<\/p>\n\n\n\n<ol start=\"1\" class=\"wp-block-list\">\n<li>hostingodawca LH.pl \u2013 w zakresie przechowywania danych osobowych na serwerze<\/li>\n\n\n\n<li>Google \u2013 w zakresie korzystania z us\u0142ug w ramach Google meet, w ramach kt\u00f3rego mo\u017cliwe jest odbycie sesji online i dochodzi do przetwarzania danych osobowych,<\/li>\n\n\n\n<li>dostawca systemu do fakturowania \u2013 w zakresie korzystania z oprogramowania do fakturowania, w ramach kt\u00f3rego przetwarzane s\u0105 dane osobowe na potrzeby wystawienia faktury,\u00a0<\/li>\n\n\n\n<li>dostawca systemu Bookero \u2013 w zakresie korzystania z kalendarza umawiania wizyt, formularza kontaktowego, otrzymywania wszelkich notyfikacji email dotycz\u0105cych zarezerwowanej Sesji<\/li>\n\n\n\n<li>biuro rachunkowe \u2013 w zakresie prowadzenia ksi\u0119gowo\u015bci, kt\u00f3ra zwi\u0105zana jest z przetwarzaniem danych osobowych zawartych w dokumentach ksi\u0119gowych,<\/li>\n\n\n\n<li>obs\u0142uga p\u0142atno\u015bci Tpay \u2013 w zakresie umo\u017cliwienia dokonania p\u0142atno\u015bci za Sesj\u0119<\/li>\n<\/ol>\n\n\n\n<p>Wszystkie te podmioty zapewniaj\u0105 odpowiedni poziom ochrony danych osobowych.<\/p>\n\n\n\n<p>Pana\/Pani dane osobowe mog\u0105 by\u0107 przekazywane do Urz\u0119d\u00f3w Skarbowych w ramach wype\u0142niania obowi\u0105zk\u00f3w zwi\u0105zanych z rozliczeniami publiczno-prawnymi. Pana\/Pani dane osobowe mog\u0105 by\u0107 r\u00f3wnie\u017c przekazywane innym organom uprawnionym na podstawie przepis\u00f3w prawa, je\u017celi b\u0119dzie to konieczne do wype\u0142niania obowi\u0105zk\u00f3w na\u0142o\u017conych przepisami prawa lub dochodzenia swoich praw.<\/p>\n\n\n\n<p>W sytuacji, w kt\u00f3rej konieczne by\u0142oby skorzystanie przez nas z profesjonalnej pomocy prawnej, Pana \/ Pani dane osobowe mog\u0105 by\u0107 przekazywane do kancelarii prawnych \u015bwiadcz\u0105cych na nasz\u0105 rzecz pomoc prawn\u0105 w zakresie, w jakim jest to konieczne do dochodzenia naszych praw lub obrony przed roszczeniami.<\/p>\n\n\n\n<p><\/p>\n","protected":false},"excerpt":{"rendered":"<p>Kim jestem Adres mojej strony internetowej to: https:\/\/psychotherapy-you.eu. Administratorem danych osobowych jest Katarzyna Ginalska, ul. Sucha 15c, 30-601, Krak\u00f3w. Zakres przetwarzanych danych Przetwarzamy Pana \/ Pani dane osobowe przekazane mi w zwi\u0105zku z korzystaniem z moich us\u0142ug. Po\u015br\u00f3d tych danych mog\u0105 znajdowa\u0107 si\u0119, w szczeg\u00f3lno\u015bci, nast\u0119puj\u0105ce informacje: Cele i podstawy przetwarzania Dane przetwarzane s\u0105 w [&hellip;]<\/p>\n","protected":false},"author":1,"featured_media":0,"parent":0,"menu_order":0,"comment_status":"closed","ping_status":"open","template":"","meta":{"footnotes":""},"class_list":["post-3","page","type-page","status-publish","hentry"],"blocksy_meta":[],"_links":{"self":[{"href":"https:\/\/psychotherapy-you.eu\/index.php?rest_route=\/wp\/v2\/pages\/3","targetHints":{"allow":["GET"]}}],"collection":[{"href":"https:\/\/psychotherapy-you.eu\/index.php?rest_route=\/wp\/v2\/pages"}],"about":[{"href":"https:\/\/psychotherapy-you.eu\/index.php?rest_route=\/wp\/v2\/types\/page"}],"author":[{"embeddable":true,"href":"https:\/\/psychotherapy-you.eu\/index.php?rest_route=\/wp\/v2\/users\/1"}],"replies":[{"embeddable":true,"href":"https:\/\/psychotherapy-you.eu\/index.php?rest_route=%2Fwp%2Fv2%2Fcomments&post=3"}],"version-history":[{"count":1,"href":"https:\/\/psychotherapy-you.eu\/index.php?rest_route=\/wp\/v2\/pages\/3\/revisions"}],"predecessor-version":[{"id":224,"href":"https:\/\/psychotherapy-you.eu\/index.php?rest_route=\/wp\/v2\/pages\/3\/revisions\/224"}],"wp:attachment":[{"href":"https:\/\/psychotherapy-you.eu\/index.php?rest_route=%2Fwp%2Fv2%2Fmedia&parent=3"}],"curies":[{"name":"wp","href":"https:\/\/api.w.org\/{rel}","templated":true}]}}