{"id":6,"date":"2025-02-15T16:02:24","date_gmt":"2025-02-15T15:02:24","guid":{"rendered":"https:\/\/psychotherapy-you.eu\/?page_id=6"},"modified":"2025-09-05T12:50:06","modified_gmt":"2025-09-05T10:50:06","slug":"psychotherapy-you-jestem-tu-dla-ciebie","status":"publish","type":"page","link":"https:\/\/psychotherapy-you.eu\/","title":{"rendered":"Psychotherapy You"},"content":{"rendered":"\n<h3 class=\"wp-block-heading\"><\/h3>\n\n\n\n<div class=\"wp-block-group alignfull has-accent-background-color has-background is-layout-constrained wp-container-core-group-is-layout-669513ed wp-block-group-is-layout-constrained\" style=\"margin-top:0;margin-bottom:0;padding-top:var(--wp--preset--spacing--50);padding-right:var(--wp--preset--spacing--50);padding-bottom:var(--wp--preset--spacing--50);padding-left:var(--wp--preset--spacing--50)\">\n<div class=\"wp-block-columns alignwide is-layout-flex wp-container-core-columns-is-layout-1da03c2a wp-block-columns-is-layout-flex\">\n<div class=\"wp-block-column is-vertically-aligned-center is-layout-flow wp-block-column-is-layout-flow\" style=\"flex-basis:100%\">\n<div class=\"wp-block-media-text alignwide has-media-on-the-right is-stacked-on-mobile is-style-rounded\" style=\"grid-template-columns:auto 52%\"><div class=\"wp-block-media-text__content\">\n<p><strong>Psychotherapy You<\/strong> to spokojne miejsce, w kt\u00f3rym pomagam osobom w kryzysie psychicznym odzyska\u0107 r\u00f3wnowag\u0119. Je\u015bli czujesz, \u017ce czego\u015b Ci w \u017cyciu brakuje, zach\u0119cam Ci\u0119 serdecznie. Mo\u017cemy wsp\u00f3lnie si\u0119 tym zaj\u0105\u0107.<br>Razem mo\u017cemy przyjrze\u0107 si\u0119 temu, co powstrzymuje Ci\u0119 przed \u017cyciem w pe\u0142ni. Psychoterapia pomaga leczy\u0107 rany, kruszy\u0107 mury w relacjach z innymi, uwalnia energi\u0119, uspokaja i odci\u0105\u017ca.<\/p>\n\n\n\n<p>Zapraszam Ci\u0119 do bezpiecznej przestrzeni i do wsp\u00f3lnej podr\u00f3\u017cy po to, czego teraz potrzebujesz.<\/p>\n\n\n\n<p><br>Um\u00f3w si\u0119 na konsultacj\u0119:<\/p>\n\n\n\n<p>Tel. 793970584 <\/p>\n\n\n\n<p>E-mail: kasiaginalska@gmail.com<\/p>\n\n\n\n<p><\/p>\n\n\n\n<div class=\"wp-block-buttons is-layout-flex wp-block-buttons-is-layout-flex\">\n<div class=\"wp-block-button\"><a class=\"wp-block-button__link wp-element-button\" href=\"https:\/\/psychotherapy-you.eu\/?page_id=180\">Znajd\u017a termin<\/a><\/div>\n<\/div>\n<\/div><figure class=\"wp-block-media-text__media\"><img loading=\"lazy\" decoding=\"async\" width=\"1024\" height=\"683\" src=\"https:\/\/psychotherapy-you.eu\/wp-content\/uploads\/2025\/05\/iStock-1205700736-1024x683.jpg\" alt=\"\" class=\"wp-image-85 size-full\" srcset=\"https:\/\/psychotherapy-you.eu\/wp-content\/uploads\/2025\/05\/iStock-1205700736-1024x683.jpg 1024w, https:\/\/psychotherapy-you.eu\/wp-content\/uploads\/2025\/05\/iStock-1205700736-300x200.jpg 300w, https:\/\/psychotherapy-you.eu\/wp-content\/uploads\/2025\/05\/iStock-1205700736-768x512.jpg 768w, https:\/\/psychotherapy-you.eu\/wp-content\/uploads\/2025\/05\/iStock-1205700736-1536x1024.jpg 1536w, https:\/\/psychotherapy-you.eu\/wp-content\/uploads\/2025\/05\/iStock-1205700736-2048x1365.jpg 2048w\" sizes=\"auto, (max-width: 1024px) 100vw, 1024px\" \/><\/figure><\/div>\n<\/div>\n<\/div>\n<\/div>\n\n\n\n<div class=\"wp-block-group alignfull is-layout-constrained wp-container-core-group-is-layout-669513ed wp-block-group-is-layout-constrained\" style=\"margin-top:0;margin-bottom:0;padding-top:var(--wp--preset--spacing--50);padding-right:var(--wp--preset--spacing--50);padding-bottom:var(--wp--preset--spacing--50);padding-left:var(--wp--preset--spacing--50)\">\n<div style=\"height:var(--wp--preset--spacing--30)\" aria-hidden=\"true\" class=\"wp-block-spacer\"><\/div>\n\n\n\n<div class=\"wp-block-columns alignwide is-layout-flex wp-container-core-columns-is-layout-4935966c wp-block-columns-is-layout-flex\" style=\"padding-right:0;padding-left:0\">\n<div class=\"wp-block-column is-layout-flow wp-block-column-is-layout-flow\">\n<figure class=\"wp-block-image size-full is-style-rounded\"><img decoding=\"async\" src=\"https:\/\/psychotherapy-you.eu\/wp-content\/uploads\/2025\/04\/iStock-512943283-scaled.jpg\" alt=\"\" class=\"wp-image-69\" style=\"aspect-ratio:1;object-fit:cover\"\/><\/figure>\n\n\n\n<div class=\"wp-block-group is-vertical is-content-justification-center is-nowrap is-layout-flex wp-container-core-group-is-layout-21d4e958 wp-block-group-is-layout-flex\">\n<p class=\"has-text-align-center has-small-font-size\"><a href=\"https:\/\/psychotherapy-you.eu\/?page_id=246\" data-type=\"page\" data-id=\"246\">JAK DZIA\u0141A PSYCHOTERAPIA<\/a><\/p>\n\n\n\n<p class=\"has-text-align-center has-small-font-size\"><\/p>\n<\/div>\n<\/div>\n\n\n\n<div class=\"wp-block-column is-layout-flow wp-block-column-is-layout-flow\">\n<figure class=\"wp-block-image size-full is-style-rounded\"><img loading=\"lazy\" decoding=\"async\" width=\"600\" height=\"750\" src=\"https:\/\/psychotherapy-you.eu\/wp-content\/uploads\/2025\/04\/iStock-2045478340-scaled-e1747821793880.jpg\" alt=\"\" class=\"wp-image-67\" style=\"aspect-ratio:1;object-fit:cover\"\/><\/figure>\n\n\n\n<div class=\"wp-block-group is-vertical is-content-justification-center is-nowrap is-layout-flex wp-container-core-group-is-layout-63bfd6c1 wp-block-group-is-layout-flex\">\n<p class=\"has-text-align-center has-small-font-size\"><strong>.<\/strong><\/p>\n\n\n\n<p class=\"has-text-align-center has-small-font-size\"><\/p>\n<\/div>\n<\/div>\n\n\n\n<div class=\"wp-block-column is-layout-flow wp-block-column-is-layout-flow\">\n<figure class=\"wp-block-image size-full is-style-rounded\"><img decoding=\"async\" src=\"https:\/\/psychotherapy-you.eu\/wp-content\/uploads\/2025\/05\/iStock-1136179001-scaled.jpg\" alt=\"\" class=\"wp-image-133\" style=\"aspect-ratio:1;object-fit:cover\"\/><\/figure>\n\n\n\n<div class=\"wp-block-group is-vertical is-content-justification-center is-nowrap is-layout-flex wp-container-core-group-is-layout-63bfd6c1 wp-block-group-is-layout-flex\">\n<p class=\"has-text-align-center has-small-font-size\"><a href=\"https:\/\/psychotherapy-you.eu\/?page_id=250\" data-type=\"page\" data-id=\"250\">JE\u015aLI PSYCHOTERAPIA NIE DZIA\u0141A, TO MO\u017bE BY\u0106 POW\u00d3D<\/a><\/p>\n\n\n\n<p class=\"has-text-align-center has-small-font-size\"><\/p>\n<\/div>\n<\/div>\n\n\n\n<div class=\"wp-block-column is-layout-flow wp-block-column-is-layout-flow\">\n<figure class=\"wp-block-image size-full is-style-rounded\"><img loading=\"lazy\" decoding=\"async\" width=\"2560\" height=\"1708\" src=\"https:\/\/psychotherapy-you.eu\/wp-content\/uploads\/2025\/05\/iStock-1948997442-scaled.jpg\" alt=\"\" class=\"wp-image-127\" style=\"aspect-ratio:1;object-fit:cover\" srcset=\"https:\/\/psychotherapy-you.eu\/wp-content\/uploads\/2025\/05\/iStock-1948997442-scaled.jpg 2560w, https:\/\/psychotherapy-you.eu\/wp-content\/uploads\/2025\/05\/iStock-1948997442-300x200.jpg 300w, https:\/\/psychotherapy-you.eu\/wp-content\/uploads\/2025\/05\/iStock-1948997442-1024x683.jpg 1024w, https:\/\/psychotherapy-you.eu\/wp-content\/uploads\/2025\/05\/iStock-1948997442-768x512.jpg 768w, https:\/\/psychotherapy-you.eu\/wp-content\/uploads\/2025\/05\/iStock-1948997442-1536x1025.jpg 1536w\" sizes=\"auto, (max-width: 2560px) 100vw, 2560px\" \/><\/figure>\n\n\n\n<div class=\"wp-block-group is-vertical is-content-justification-center is-nowrap is-layout-flex wp-container-core-group-is-layout-21d4e958 wp-block-group-is-layout-flex\">\n<p class=\"has-text-align-center has-small-font-size\"><strong>Dlaczego potrzebujemy<\/strong> <strong>negatywnych emocji?<\/strong><\/p>\n\n\n\n<p class=\"has-text-align-center has-small-font-size\"><\/p>\n<\/div>\n<\/div>\n<\/div>\n<\/div>\n\n\n\n<div class=\"wp-block-group alignfull is-layout-constrained wp-container-core-group-is-layout-d89aad35 wp-block-group-is-layout-constrained\" style=\"margin-top:0;margin-bottom:0;padding-top:var(--wp--preset--spacing--50);padding-right:var(--wp--preset--spacing--50);padding-bottom:var(--wp--preset--spacing--50);padding-left:var(--wp--preset--spacing--50)\">\n<div class=\"wp-block-group alignwide has-base-2-background-color has-background is-layout-flow wp-block-group-is-layout-flow\" style=\"border-radius:16px;padding-top:var(--wp--preset--spacing--50);padding-right:var(--wp--preset--spacing--50);padding-bottom:var(--wp--preset--spacing--50);padding-left:var(--wp--preset--spacing--50)\">\n<p class=\"has-text-align-center\">&#8220;Rana jest miejscem, przez kt\u00f3re wchodzi \u015bwiat\u0142o.&#8221; Rumi<\/p>\n\n\n\n<div style=\"height:var(--wp--preset--spacing--10)\" aria-hidden=\"true\" class=\"wp-block-spacer\"><\/div>\n\n\n\n<div class=\"wp-block-group alignwide is-content-justification-center is-layout-flex wp-container-core-group-is-layout-f95ffa09 wp-block-group-is-layout-flex\" style=\"padding-top:0;padding-right:0;padding-bottom:0;padding-left:0\"><\/div>\n<\/div>\n<\/div>\n\n\n\n<div class=\"wp-block-group alignfull has-base-color has-contrast-background-color has-text-color has-background has-link-color wp-elements-34940ee4b3dbfb944299a71e2d05b9ce is-layout-constrained wp-container-core-group-is-layout-d89aad35 wp-block-group-is-layout-constrained\" style=\"margin-top:0;margin-bottom:0;padding-top:var(--wp--preset--spacing--50);padding-right:var(--wp--preset--spacing--50);padding-bottom:var(--wp--preset--spacing--50);padding-left:var(--wp--preset--spacing--50)\">\n<h2 class=\"wp-block-heading alignwide has-base-color has-text-color has-link-color wp-elements-66644d9ece7f634e20acd3aa81a9f933\" style=\"font-size:clamp(1.93rem, 1.93rem + ((1vw - 0.2rem) * 1.838), 3.4rem);letter-spacing:-0.02em\">FAQs<\/h2>\n\n\n\n<div class=\"wp-block-group alignwide is-layout-flow wp-block-group-is-layout-flow\">\n<hr class=\"wp-block-separator has-text-color has-base-color has-alpha-channel-opacity has-base-background-color has-background is-style-wide\" style=\"margin-top:var(--wp--preset--spacing--30);margin-bottom:var(--wp--preset--spacing--30)\"\/>\n\n\n\n<h3 class=\"wp-block-heading alignwide has-base-2-color has-text-color has-link-color wp-elements-d808d164886afea04455361f10346a27\">Jak wygl\u0105da pierwsza wizyta?<\/h3>\n\n\n\n<p class=\"has-contrast-1-color has-text-color has-link-color wp-elements-05effdf8bcc7fdb7b1ce3b7a2c3594e5\">Na pocz\u0105tek odbywa si\u0119 kilka konsultacji, na kt\u00f3rych poznaj\u0119 klienta i jego sytuacj\u0119, a klient m\u00f3j spos\u00f3b pracy. Po kilku sesjach wsp\u00f3lnie podejmujemy decyzj\u0119 o tym, czy kontynuowa\u0107<br>prac\u0119 i okre\u015blamy co b\u0119dzie jej przedmiotem. <br>Podczas pierwszej wizyty klient opowiada z czym si\u0119 zg\u0142osi\u0142, a ja staram si\u0119 zrozumie\u0107 na czym polega trudno\u015b\u0107. Zadaj\u0119 te\u017c pytania na temat wieku, sytuacji rodzinnej i zawodowej, zdrowia i przyjmowanych lek\u00f3w, dotychczasowych do\u015bwiadcze\u0144 z psychologiem\/psychoterapeut\u0105\/psychiatr\u0105. Mamy wtedy r\u00f3wnie\u017c okazj\u0119 zobaczy\u0107 czy uda\u0142o nam si\u0119 nawi\u0105za\u0107 kontakt i czy jest on bezpieczny, komfortowy, obiecuj\u0105cy. Jest to nies\u0142ychanie wa\u017cne by osoba, kt\u00f3r\u0105 wybrali\u015bmy na psychoterapeut\u0119 wzbudza\u0142a nasze zaufanie i by dobrze si\u0119 przy niej czu\u0107- na tyle ile jest to mo\u017cliwe przy pierwszej sesji, kt\u00f3ra jednak wymaga od wielu os\u00f3b odwagi i ods\u0142oni\u0119cia si\u0119 przed obc\u0105 osob\u0105- a to mo\u017ce by\u0107 trudne.<\/p>\n\n\n\n<p class=\"has-contrast-1-color has-text-color has-link-color wp-elements-4ffad2e846a199344b8b9d9795885901\">Na drugiej wizycie nast\u0119puje wywiad dotycz\u0105cy \u017cyciorysu- do\u015bwiadcze\u0144 z dzieci\u0144stwa, relacji z rodzicami, r\u00f3wie\u015bnikami, wszelkich znacz\u0105cych wydarze\u0144 w historii klienta, kt\u00f3re mog\u0105 mie\u0107 wp\u0142yw na dzisiejsze funkcjonowanie. Wa\u017cne jest by pami\u0119ta\u0107, \u017ce nie trzeba od razu opowiada\u0107 wszystkiego ze szczeg\u00f3\u0142ami je\u015bli nie czujemy si\u0119 na to gotowi.  Druga konsultacja ma na celu pokaza\u0107 t\u0142o i kontekst do\u015bwiadczanych trudno\u015bci. <\/p>\n\n\n\n<p class=\"has-contrast-1-color has-text-color has-link-color wp-elements-46b8b110f1f849d20e9fc4dafa8b7f08\">Trzecia wizyta to podj\u0119cie wsp\u00f3lnej decyzji co dalej. Omawiamy oczekiwania dotycz\u0105ce spotka\u0144 terapeutycznych, opowiadam o tym jak wygl\u0105da terapia i na tej podstawie umawiamy si\u0119 na kontrakt terapeutyczny, b\u0105d\u017a kr\u00f3tkoterminowe wsparcie psychologiczne w postaci kilku sesji. Decyduj\u0119 czy posiadam kompetencje by pom\u00f3c klientowi w tym, co zg\u0142osi\u0142, ewentualnie sugeruj\u0119 inny kierunek. Podobnie klient decyduje czy odpowiadaj\u0105 mu zasady wsp\u00f3\u0142pracy, czy jest to zgodne z jego oczekiwaniami. Je\u015bli tak, to ustalamy cele terapeutyczne czyli czego ja w\u0142a\u015bciwie chc\u0119 od tych spotka\u0144, po czym poznam, \u017ce terapia zadzia\u0142a\u0142a.<\/p>\n\n\n\n<hr class=\"wp-block-separator has-text-color has-base-color has-alpha-channel-opacity has-base-background-color has-background is-style-wide\" style=\"margin-top:var(--wp--preset--spacing--30);margin-bottom:var(--wp--preset--spacing--30)\"\/>\n\n\n\n<h3 class=\"wp-block-heading alignwide has-base-2-color has-text-color has-link-color wp-elements-8809a7e8db86d02df3286b165a58ecfa\">Jak d\u0142ugo trwa psychoterapia?<\/h3>\n\n\n\n<p class=\"has-contrast-1-color has-text-color has-link-color wp-elements-5f64d03a32e075fa7ce461d6fbdc912a\">W zale\u017cno\u015bci od charakteru zdiagnozowanych trudno\u015bci oraz stopnia gotowo\u015bci klienta na zmiany, terapia mo\u017ce trwa\u0107 od kilku miesi\u0119cy do kilku lat. \u017beby by\u0142o wida\u0107 pierwsze efekty nale\u017cy da\u0107 sobie minimum 6 miesi\u0119cy, jednak trzeba pami\u0119ta\u0107, \u017ce jest to kwestia indywidualna. Osoby w chwilowym kryzysie b\u0105d\u017a te silnie zmotywowane i autorefleksyjne mog\u0105 poczu\u0107 si\u0119 lepiej ju\u017c po kilku spotkaniach, natomiast osoby z g\u0142\u0119bszymi trudno\u015bciami potrzebuj\u0105 nawet kilku lat by wprowadzi\u0107 trwa\u0142e zmiany. Czas terapii zale\u017cy od g\u0142\u0119boko\u015bci zaburzenia\/nasilenia problemu, od indywidualnego zaanga\u017cowania, od w\u0142a\u015bciwego doboru terapeuty.<\/p>\n\n\n\n<hr class=\"wp-block-separator has-text-color has-base-color has-alpha-channel-opacity has-base-background-color has-background is-style-wide\" style=\"margin-top:var(--wp--preset--spacing--30);margin-bottom:var(--wp--preset--spacing--30)\"\/>\n\n\n\n<h3 class=\"wp-block-heading alignwide has-base-2-color has-text-color has-link-color wp-elements-229b9233e74b0f799b4eb726f0e631a5\">Z kim pracuj\u0119?<\/h3>\n\n\n\n<p class=\"has-contrast-1-color has-text-color has-link-color wp-elements-3ab9753da72ac3c9c97de0356157df7a\">Pracuj\u0119 z osobami doros\u0142ymi, w indywidualnym kontakcie. Zapraszam r\u00f3wnie\u017c obcokrajowc\u00f3w, kt\u00f3rzy chc\u0105 bra\u0107 udzia\u0142 w terapii po angielsku. Bliskie mi obszary to zaburzenia nastroju, depresja, zaburzenia l\u0119kowe, ataki paniki, traumy, zaburzenia osobowo\u015bci, zaburzenia od\u017cywiania, niska samoocena, samotno\u015b\u0107, agresja, problemy w kontaktach mi\u0119dzyludzkich, \u017ca\u0142oba, poronienie, niep\u0142odno\u015b\u0107.<\/p>\n\n\n\n<p class=\"has-contrast-1-color has-text-color has-link-color wp-elements-8a6244d0256af1d148be9c6f8727b5fe\"><\/p>\n\n\n\n<hr class=\"wp-block-separator has-text-color has-base-color has-alpha-channel-opacity has-base-background-color has-background is-style-wide\" style=\"margin-top:var(--wp--preset--spacing--30);margin-bottom:var(--wp--preset--spacing--30)\"\/>\n\n\n\n<h3 class=\"wp-block-heading alignwide has-base-2-color has-text-color has-link-color wp-elements-23d66131a688d099ffe152c5ead23e30\">Jak pracuj\u0119?<\/h3>\n\n\n\n<p class=\"has-contrast-1-color has-text-color has-link-color wp-elements-7f88ae1031736869a091c166d81bbafe\">Pracuj\u0119 w nurcie integracyjnym. Oznacza to, \u017ce czerpi\u0119 z wielu podej\u015b\u0107 psychoterapeutycznych i dostosowuj\u0119 metody do indywidualnych potrzeb klienta. \u0141\u0105cz\u0119 spojrzenie psychodynamiczne z do\u015bwiadczeniowym charakterem pracy nad &#8216;tu i teraz&#8217; wywodz\u0105cym si\u0119 z Gestalt. Nieod\u0142\u0105cznym elementem mojej pracy jest tak\u017ce baza narz\u0119dzi poznawczo-behawioralnych, ale te\u017c rozwijanie potencja\u0142u klienta, kt\u00f3re cechuje nurty humanistyczne. W moim podej\u015bciu wa\u017cne s\u0105 zar\u00f3wno aktualne relacje klienta, jego sytuacja rodzinna i trudno\u015bci, ale i zrozumienie tego sk\u0105d wzi\u0119\u0142y si\u0119 jego problemy, oraz spojrzenie na dzieci\u0144stwo. Wsp\u00f3lnie d\u0105\u017cymy do tego, by odkry\u0107 na g\u0142\u0119bszym poziomie co przeszkadza klientowi w polepszeniu jego komfortu \u017cycia. Zadaj\u0119 te\u017c sporo zada\u0144 terapeutycznych. Wszystkie metody nakierowane s\u0105 na to, by klient m\u00f3g\u0142 wej\u015b\u0107 w g\u0142\u0119bszy kontakt z samym sob\u0105 i dzi\u0119ki temu korzysta\u0107 ze swoich zasob\u00f3w i dzia\u0142a\u0107 zgodnie ze swoimi potrzebami.<\/p>\n\n\n\n<p class=\"has-contrast-1-color has-text-color has-link-color wp-elements-8a6244d0256af1d148be9c6f8727b5fe\"><\/p>\n\n\n\n<div style=\"margin-top:var(--wp--preset--spacing--10);margin-bottom:0;height:var(--wp--preset--spacing--10)\" aria-hidden=\"true\" class=\"wp-block-spacer\"><\/div>\n<\/div>\n<\/div>\n\n\n\n<div class=\"wp-block-group alignfull is-layout-constrained wp-container-core-group-is-layout-d89aad35 wp-block-group-is-layout-constrained\" style=\"margin-top:0;margin-bottom:0;padding-top:var(--wp--preset--spacing--50);padding-right:var(--wp--preset--spacing--50);padding-bottom:var(--wp--preset--spacing--50);padding-left:var(--wp--preset--spacing--50)\">\n<div class=\"wp-block-columns alignwide are-vertically-aligned-center is-layout-flex wp-container-core-columns-is-layout-47c06fe3 wp-block-columns-is-layout-flex\">\n<div class=\"wp-block-column is-vertically-aligned-center is-layout-flow wp-block-column-is-layout-flow\" style=\"flex-basis:50%\">\n<blockquote class=\"wp-block-quote is-layout-flow wp-block-quote-is-layout-flow\">\n<h6 class=\"wp-block-heading\">&#8220;Gdy nie mo\u017cemy zmieni\u0107 sytuacji, pozostaje nam zmieni\u0107 siebie&#8221; Viktor E. Frankl<\/h6>\n<\/blockquote>\n<\/div>\n\n\n\n<div class=\"wp-block-column is-layout-flow wp-block-column-is-layout-flow\"><\/div>\n\n\n\n<div class=\"wp-block-column is-vertically-aligned-center is-layout-flow wp-block-column-is-layout-flow\" style=\"flex-basis:50%\">\n<figure class=\"wp-block-image size-full is-style-default\"><img loading=\"lazy\" decoding=\"async\" width=\"2560\" height=\"1707\" src=\"https:\/\/psychotherapy-you.eu\/wp-content\/uploads\/2025\/05\/iStock-986603470-scaled.jpg\" alt=\"\" class=\"wp-image-132\" style=\"aspect-ratio:4\/3;object-fit:cover\" srcset=\"https:\/\/psychotherapy-you.eu\/wp-content\/uploads\/2025\/05\/iStock-986603470-scaled.jpg 2560w, https:\/\/psychotherapy-you.eu\/wp-content\/uploads\/2025\/05\/iStock-986603470-300x200.jpg 300w, https:\/\/psychotherapy-you.eu\/wp-content\/uploads\/2025\/05\/iStock-986603470-1024x683.jpg 1024w, https:\/\/psychotherapy-you.eu\/wp-content\/uploads\/2025\/05\/iStock-986603470-768x512.jpg 768w, https:\/\/psychotherapy-you.eu\/wp-content\/uploads\/2025\/05\/iStock-986603470-1536x1024.jpg 1536w, https:\/\/psychotherapy-you.eu\/wp-content\/uploads\/2025\/05\/iStock-986603470-2048x1365.jpg 2048w\" sizes=\"auto, (max-width: 2560px) 100vw, 2560px\" \/><\/figure>\n<\/div>\n<\/div>\n<\/div>\n","protected":false},"excerpt":{"rendered":"<p>Psychotherapy You to spokojne miejsce, w kt\u00f3rym pomagam osobom w kryzysie psychicznym odzyska\u0107 r\u00f3wnowag\u0119. Je\u015bli czujesz, \u017ce czego\u015b Ci w \u017cyciu brakuje, zach\u0119cam Ci\u0119 serdecznie. Mo\u017cemy wsp\u00f3lnie si\u0119 tym zaj\u0105\u0107.Razem mo\u017cemy przyjrze\u0107 si\u0119 temu, co powstrzymuje Ci\u0119 przed \u017cyciem w pe\u0142ni. Psychoterapia pomaga leczy\u0107 rany, kruszy\u0107 mury w relacjach z innymi, uwalnia energi\u0119, uspokaja i [&hellip;]<\/p>\n","protected":false},"author":1,"featured_media":0,"parent":0,"menu_order":0,"comment_status":"closed","ping_status":"closed","template":"","meta":{"footnotes":""},"class_list":["post-6","page","type-page","status-publish","hentry"],"blocksy_meta":[],"_links":{"self":[{"href":"https:\/\/psychotherapy-you.eu\/index.php?rest_route=\/wp\/v2\/pages\/6","targetHints":{"allow":["GET"]}}],"collection":[{"href":"https:\/\/psychotherapy-you.eu\/index.php?rest_route=\/wp\/v2\/pages"}],"about":[{"href":"https:\/\/psychotherapy-you.eu\/index.php?rest_route=\/wp\/v2\/types\/page"}],"author":[{"embeddable":true,"href":"https:\/\/psychotherapy-you.eu\/index.php?rest_route=\/wp\/v2\/users\/1"}],"replies":[{"embeddable":true,"href":"https:\/\/psychotherapy-you.eu\/index.php?rest_route=%2Fwp%2Fv2%2Fcomments&post=6"}],"version-history":[{"count":26,"href":"https:\/\/psychotherapy-you.eu\/index.php?rest_route=\/wp\/v2\/pages\/6\/revisions"}],"predecessor-version":[{"id":278,"href":"https:\/\/psychotherapy-you.eu\/index.php?rest_route=\/wp\/v2\/pages\/6\/revisions\/278"}],"wp:attachment":[{"href":"https:\/\/psychotherapy-you.eu\/index.php?rest_route=%2Fwp%2Fv2%2Fmedia&parent=6"}],"curies":[{"name":"wp","href":"https:\/\/api.w.org\/{rel}","templated":true}]}}